{"id":103,"date":"2017-02-15T17:36:30","date_gmt":"2017-02-15T17:36:30","guid":{"rendered":"https:\/\/tcdettingen-erms.de\/?page_id=103"},"modified":"2024-04-18T14:08:08","modified_gmt":"2024-04-18T14:08:08","slug":"damen-2","status":"publish","type":"page","link":"https:\/\/tcdettingen-erms.de\/?page_id=103","title":{"rendered":"Damen 2"},"content":{"rendered":"<div id=\"pl-103\"  class=\"panel-layout\" ><div id=\"pg-103-0\"  class=\"panel-grid panel-no-style\" ><div id=\"pgc-103-0-0\"  class=\"panel-grid-cell\" ><div id=\"panel-103-0-0-0\" class=\"so-panel widget widget_sow-editor panel-first-child panel-last-child\" data-index=\"0\" ><div\n\t\t\t\n\t\t\tclass=\"so-widget-sow-editor so-widget-sow-editor-base\"\n\t\t\t\n\t\t>\n<div class=\"siteorigin-widget-tinymce textwidget\">\n\t<p><a href=\"https:\/\/tcdettingen-erms.de\/wp-content\/uploads\/2021\/04\/PHOTO-2021-03-03-11-45-13.jpg\"><img loading=\"lazy\" decoding=\"async\" class=\"alignnone size-full wp-image-1020\" src=\"https:\/\/tcdettingen-erms.de\/wp-content\/uploads\/2021\/04\/PHOTO-2021-03-03-11-45-13.jpg\" alt=\"\" width=\"1200\" height=\"1600\" srcset=\"https:\/\/tcdettingen-erms.de\/wp-content\/uploads\/2021\/04\/PHOTO-2021-03-03-11-45-13.jpg 1200w, https:\/\/tcdettingen-erms.de\/wp-content\/uploads\/2021\/04\/PHOTO-2021-03-03-11-45-13-225x300.jpg 225w, https:\/\/tcdettingen-erms.de\/wp-content\/uploads\/2021\/04\/PHOTO-2021-03-03-11-45-13-768x1024.jpg 768w, https:\/\/tcdettingen-erms.de\/wp-content\/uploads\/2021\/04\/PHOTO-2021-03-03-11-45-13-1152x1536.jpg 1152w\" sizes=\"auto, (max-width: 1200px) 100vw, 1200px\" \/><\/a><\/p>\n<p>Janine Decker, Ann-Kathrin M\u00fcller, Jane M\u00fcller und Nadja Schlie\u00dfer<\/p>\n<p>&nbsp;<\/p>\n<p><a href=\"https:\/\/tcdettingen-erms.de\/wp-content\/uploads\/2021\/04\/PHOTO-2021-03-03-11-45-13-2.jpg\"><img loading=\"lazy\" decoding=\"async\" class=\"alignnone size-full wp-image-1019\" src=\"https:\/\/tcdettingen-erms.de\/wp-content\/uploads\/2021\/04\/PHOTO-2021-03-03-11-45-13-2.jpg\" alt=\"\" width=\"916\" height=\"616\" srcset=\"https:\/\/tcdettingen-erms.de\/wp-content\/uploads\/2021\/04\/PHOTO-2021-03-03-11-45-13-2.jpg 916w, https:\/\/tcdettingen-erms.de\/wp-content\/uploads\/2021\/04\/PHOTO-2021-03-03-11-45-13-2-300x202.jpg 300w, https:\/\/tcdettingen-erms.de\/wp-content\/uploads\/2021\/04\/PHOTO-2021-03-03-11-45-13-2-768x516.jpg 768w, https:\/\/tcdettingen-erms.de\/wp-content\/uploads\/2021\/04\/PHOTO-2021-03-03-11-45-13-2-272x182.jpg 272w\" sizes=\"auto, (max-width: 916px) 100vw, 916px\" \/><\/a><\/p>\n<\/div>\n<\/div><\/div><\/div><div id=\"pgc-103-0-1\"  class=\"panel-grid-cell\" ><div id=\"panel-103-0-1-0\" class=\"so-panel widget widget_sow-image panel-first-child panel-last-child\" data-index=\"1\" ><div\n\t\t\t\n\t\t\tclass=\"so-widget-sow-image so-widget-sow-image-default-8b5b6f678277-103\"\n\t\t\t\n\t\t><h3 class=\"widget-title\">Spieltermine, Ergebnisse und Tabelle 2024 (bitte auf WTB Logo klicken)<\/h3>\n<div class=\"sow-image-container\">\n\t\t\t<a href=\"https:\/\/www.wtb-tennis.de\/spielbetrieb\/vereine\/verein\/mannschaften\/mannschaft\/v\/20394\/m\/3143705.html\"\n\t\t\ttarget=\"_blank\" rel=\"noopener noreferrer\" \t\t>\n\t\t\t<img \n\tsrc=\"https:\/\/tcdettingen-erms.de\/wp-content\/uploads\/2018\/04\/Logo_WTB_768_dtb_global.jpg\" width=\"768\" height=\"563\" srcset=\"https:\/\/tcdettingen-erms.de\/wp-content\/uploads\/2018\/04\/Logo_WTB_768_dtb_global.jpg 768w, https:\/\/tcdettingen-erms.de\/wp-content\/uploads\/2018\/04\/Logo_WTB_768_dtb_global-300x220.jpg 300w\" sizes=\"(max-width: 768px) 100vw, 768px\" title=\"Spieltermine, Ergebnisse und Tabelle 2024 (bitte auf WTB Logo klicken)\" alt=\"\" \t\tclass=\"so-widget-image\"\/>\n\t\t\t<\/a><\/div>\n\n<\/div><\/div><\/div><\/div><\/div>","protected":false},"excerpt":{"rendered":"<p>Janine Decker, Ann-Kathrin M\u00fcller, Jane M\u00fcller und Nadja Schlie\u00dfer &nbsp;<\/p>\n","protected":false},"author":1,"featured_media":0,"parent":0,"menu_order":0,"comment_status":"closed","ping_status":"closed","template":"","meta":{"footnotes":""},"class_list":["post-103","page","type-page","status-publish","hentry"],"_links":{"self":[{"href":"https:\/\/tcdettingen-erms.de\/index.php?rest_route=\/wp\/v2\/pages\/103","targetHints":{"allow":["GET"]}}],"collection":[{"href":"https:\/\/tcdettingen-erms.de\/index.php?rest_route=\/wp\/v2\/pages"}],"about":[{"href":"https:\/\/tcdettingen-erms.de\/index.php?rest_route=\/wp\/v2\/types\/page"}],"author":[{"embeddable":true,"href":"https:\/\/tcdettingen-erms.de\/index.php?rest_route=\/wp\/v2\/users\/1"}],"replies":[{"embeddable":true,"href":"https:\/\/tcdettingen-erms.de\/index.php?rest_route=%2Fwp%2Fv2%2Fcomments&post=103"}],"version-history":[{"count":14,"href":"https:\/\/tcdettingen-erms.de\/index.php?rest_route=\/wp\/v2\/pages\/103\/revisions"}],"predecessor-version":[{"id":1362,"href":"https:\/\/tcdettingen-erms.de\/index.php?rest_route=\/wp\/v2\/pages\/103\/revisions\/1362"}],"wp:attachment":[{"href":"https:\/\/tcdettingen-erms.de\/index.php?rest_route=%2Fwp%2Fv2%2Fmedia&parent=103"}],"curies":[{"name":"wp","href":"https:\/\/api.w.org\/{rel}","templated":true}]}}