{"id":170,"date":"2017-02-19T12:44:50","date_gmt":"2017-02-19T12:44:50","guid":{"rendered":"https:\/\/tcdettingen-erms.de\/?page_id=170"},"modified":"2025-03-24T17:04:35","modified_gmt":"2025-03-24T17:04:35","slug":"downloads","status":"publish","type":"page","link":"https:\/\/tcdettingen-erms.de\/?page_id=170","title":{"rendered":"Downloads"},"content":{"rendered":"<h3><span style=\"color: #000000;\">Platzwart Stellenbeschreibung<\/span><\/h3>\n<p><a href=\"https:\/\/tcdettingen-erms.de\/wp-content\/uploads\/2021\/03\/Wir-suchen-ab-sofort-einen-Platzwart-zur-Pflege-und-Instandhaltung-der-Tennisplaetze.docx\">Platzwart Stellenbeschreibung <\/a><\/p>\n<h3><span style=\"color: #000000;\">Tennis-Schnuppern beim TCD:<\/span><\/h3>\n<p><a href=\"https:\/\/tcdettingen-erms.de\/wp-content\/uploads\/2023\/04\/Reg-6-Aktion-2023.pdf\">Tennis Aktion 2023 <\/a>\u00a0(Stand 26.04.2023)<\/p>\n<h3><span style=\"color: #000000;\"><strong><br \/>\nAufnahmeantrag:<\/strong><\/span><\/h3>\n<p><a href=\"https:\/\/tcdettingen-erms.de\/wp-content\/uploads\/2023\/04\/Reg-7-Aufnahmeantrag-zusammengefuegt.pdf\">Aufnahmeantrag <\/a>(Stand 26.04.2023)<\/p>\n<p>&nbsp;<\/p>\n<h3><span style=\"color: #000000;\"><strong>Clubdienstregelung:<\/strong><\/span><\/h3>\n<p><a href=\"https:\/\/tcdettingen-erms.de\/wp-content\/uploads\/2023\/04\/Reg-2-Clubdienstregelung.pdf\">Clubdienstregelung <\/a>(Stand 26.04.2023)<\/p>\n<p>&nbsp;<\/p>\n<h3><span style=\"color: #000000;\"><strong>Clubdienstnachweis:<\/strong><\/span><\/h3>\n<p><a href=\"https:\/\/tcdettingen-erms.de\/wp-content\/uploads\/2023\/04\/Reg-3-Clubdienstnachweis.pdf\">Clubdienstnachweis <\/a>(Stand 26.04.2023)<\/p>\n<p>&nbsp;<\/p>\n<h3><span style=\"color: #000000;\"><strong>Beitragsordnung:<\/strong><\/span><\/h3>\n<p><span style=\"color: #000000;\"><a href=\"https:\/\/tcdettingen-erms.de\/wp-content\/uploads\/2023\/04\/Reg-5-Mitgliedsbeitraege-2023.pdf\">Mitgliedsbeitr\u00e4ge 2023 <\/a><\/span><span style=\"font-size: 16px;\">(Stand 26.04.2023)\u00a0<\/span><\/p>\n<p>&nbsp;<\/p>\n<h3><span style=\"color: #000000;\"><strong>Merkblatt f\u00fcr Gastspieler:<\/strong><\/span><\/h3>\n<p><a href=\"https:\/\/tcdettingen-erms.de\/wp-content\/uploads\/2023\/04\/Reg-4-Merkblatt-fuer-Gastspieler.pdf\">Merkblatt f\u00fcr Gastspieler <\/a>(Stand 26.04.2023)<\/p>\n<p>&nbsp;<\/p>\n<h3><strong>H\u00fcttendienstregelung<\/strong>:<\/h3>\n<p><a href=\"https:\/\/tcdettingen-erms.de\/wp-content\/uploads\/2025\/03\/Huettendienstregelung-2025.pdf\">H\u00fcttendienstregelung<\/a>(Stand 24.03.2025)<\/p>\n<h3><\/h3>\n<h1><strong>Clubheft:<\/strong><\/h1>\n<p><strong>Teil 1 \u00a0: <a href=\"https:\/\/tcdettingen-erms.de\/wp-content\/uploads\/2020\/06\/TC-Jahresheft-2020-Kopie-1-23.pdf\">Seiten 1-23<\/a><\/strong><\/p>\n<p><strong>Teil 2 :\u00a0<a href=\"https:\/\/tcdettingen-erms.de\/wp-content\/uploads\/2020\/06\/TC-Jahresheft-2020-Kopie-24-52.pdf\">Seite 24-52<\/a><\/strong><\/p>\n","protected":false},"excerpt":{"rendered":"<p>Platzwart Stellenbeschreibung Platzwart Stellenbeschreibung Tennis-Schnuppern beim TCD: Tennis Aktion 2023 \u00a0(Stand 26.04.2023) Aufnahmeantrag: Aufnahmeantrag (Stand 26.04.2023) &nbsp; Clubdienstregelung: Clubdienstregelung (Stand 26.04.2023) &nbsp; Clubdienstnachweis: Clubdienstnachweis (Stand 26.04.2023) &nbsp; Beitragsordnung: Mitgliedsbeitr\u00e4ge 2023 (Stand 26.04.2023)\u00a0 &nbsp; Merkblatt f\u00fcr Gastspieler: Merkblatt f\u00fcr Gastspieler (Stand 26.04.2023) &nbsp; H\u00fcttendienstregelung: H\u00fcttendienstregelung(Stand 24.03.2025) Clubheft: Teil 1 \u00a0: Seiten 1-23 Teil 2 :\u00a0Seite 24-52<\/p>\n","protected":false},"author":1,"featured_media":0,"parent":0,"menu_order":0,"comment_status":"closed","ping_status":"closed","template":"","meta":{"footnotes":""},"class_list":["post-170","page","type-page","status-publish","hentry"],"_links":{"self":[{"href":"https:\/\/tcdettingen-erms.de\/index.php?rest_route=\/wp\/v2\/pages\/170","targetHints":{"allow":["GET"]}}],"collection":[{"href":"https:\/\/tcdettingen-erms.de\/index.php?rest_route=\/wp\/v2\/pages"}],"about":[{"href":"https:\/\/tcdettingen-erms.de\/index.php?rest_route=\/wp\/v2\/types\/page"}],"author":[{"embeddable":true,"href":"https:\/\/tcdettingen-erms.de\/index.php?rest_route=\/wp\/v2\/users\/1"}],"replies":[{"embeddable":true,"href":"https:\/\/tcdettingen-erms.de\/index.php?rest_route=%2Fwp%2Fv2%2Fcomments&post=170"}],"version-history":[{"count":60,"href":"https:\/\/tcdettingen-erms.de\/index.php?rest_route=\/wp\/v2\/pages\/170\/revisions"}],"predecessor-version":[{"id":1418,"href":"https:\/\/tcdettingen-erms.de\/index.php?rest_route=\/wp\/v2\/pages\/170\/revisions\/1418"}],"wp:attachment":[{"href":"https:\/\/tcdettingen-erms.de\/index.php?rest_route=%2Fwp%2Fv2%2Fmedia&parent=170"}],"curies":[{"name":"wp","href":"https:\/\/api.w.org\/{rel}","templated":true}]}}