{"id":249,"date":"2017-02-22T12:23:02","date_gmt":"2017-02-22T12:23:02","guid":{"rendered":"https:\/\/tcdettingen-erms.de\/?page_id=249"},"modified":"2024-04-18T15:12:27","modified_gmt":"2024-04-18T15:12:27","slug":"termine","status":"publish","type":"page","link":"https:\/\/tcdettingen-erms.de\/?page_id=249","title":{"rendered":"Termine 2024"},"content":{"rendered":"<table width=\"760\">\n<tbody>\n<tr>\n<td width=\"182\"><strong>Datum<\/strong><\/td>\n<td width=\"578\"><strong>Veranstaltung<\/strong><\/td>\n<\/tr>\n<tr>\n<td width=\"182\">27. Apr<\/td>\n<td width=\"578\">Saisoner\u00f6ffnung (B\u00e4ndelesturnier &amp; Grillabend)<\/td>\n<\/tr>\n<tr>\n<td width=\"182\">29. Apr<\/td>\n<td width=\"578\">Mannschaftsf\u00fchrersitzungen Aktive, Hobby &amp; Jugend<\/td>\n<\/tr>\n<tr>\n<td width=\"182\">18.-20. Mai<\/td>\n<td width=\"578\"><a href=\"https:\/\/spieler.tennis.de\/web\/guest\/turniersuche?tournamentId=601812\">Sport Brodbeck Cup<\/a><\/td>\n<\/tr>\n<tr>\n<td width=\"182\">23. Jun<\/td>\n<td width=\"578\">Sport Event Dettingen<\/td>\n<\/tr>\n<tr>\n<td width=\"182\">28. Sep<\/td>\n<td width=\"578\">Saisonabschluss (B\u00e4ndelesturnier &amp; Oktoberfest Party)<\/td>\n<\/tr>\n<\/tbody>\n<\/table>\n<p>&nbsp;<\/p>\n<p><img loading=\"lazy\" decoding=\"async\" class=\"alignnone size-medium wp-image-1395\" src=\"https:\/\/tcdettingen-erms.de\/wp-content\/uploads\/2024\/04\/Saisoneroeffnung2024-1-212x300.jpg\" alt=\"\" width=\"212\" height=\"300\" srcset=\"https:\/\/tcdettingen-erms.de\/wp-content\/uploads\/2024\/04\/Saisoneroeffnung2024-1-212x300.jpg 212w, https:\/\/tcdettingen-erms.de\/wp-content\/uploads\/2024\/04\/Saisoneroeffnung2024-1-724x1024.jpg 724w, https:\/\/tcdettingen-erms.de\/wp-content\/uploads\/2024\/04\/Saisoneroeffnung2024-1-768x1086.jpg 768w, https:\/\/tcdettingen-erms.de\/wp-content\/uploads\/2024\/04\/Saisoneroeffnung2024-1-1086x1536.jpg 1086w, https:\/\/tcdettingen-erms.de\/wp-content\/uploads\/2024\/04\/Saisoneroeffnung2024-1.jpg 1414w\" sizes=\"auto, (max-width: 212px) 100vw, 212px\" \/><\/p>\n","protected":false},"excerpt":{"rendered":"<p>Datum Veranstaltung 27. Apr Saisoner\u00f6ffnung (B\u00e4ndelesturnier &amp; Grillabend) 29. Apr Mannschaftsf\u00fchrersitzungen Aktive, Hobby &amp; Jugend 18.-20. Mai Sport Brodbeck Cup 23. Jun Sport Event Dettingen 28. Sep Saisonabschluss (B\u00e4ndelesturnier &amp; Oktoberfest Party) &nbsp;<\/p>\n","protected":false},"author":1,"featured_media":0,"parent":0,"menu_order":0,"comment_status":"closed","ping_status":"closed","template":"","meta":{"footnotes":""},"class_list":["post-249","page","type-page","status-publish","hentry"],"_links":{"self":[{"href":"https:\/\/tcdettingen-erms.de\/index.php?rest_route=\/wp\/v2\/pages\/249","targetHints":{"allow":["GET"]}}],"collection":[{"href":"https:\/\/tcdettingen-erms.de\/index.php?rest_route=\/wp\/v2\/pages"}],"about":[{"href":"https:\/\/tcdettingen-erms.de\/index.php?rest_route=\/wp\/v2\/types\/page"}],"author":[{"embeddable":true,"href":"https:\/\/tcdettingen-erms.de\/index.php?rest_route=\/wp\/v2\/users\/1"}],"replies":[{"embeddable":true,"href":"https:\/\/tcdettingen-erms.de\/index.php?rest_route=%2Fwp%2Fv2%2Fcomments&post=249"}],"version-history":[{"count":36,"href":"https:\/\/tcdettingen-erms.de\/index.php?rest_route=\/wp\/v2\/pages\/249\/revisions"}],"predecessor-version":[{"id":1396,"href":"https:\/\/tcdettingen-erms.de\/index.php?rest_route=\/wp\/v2\/pages\/249\/revisions\/1396"}],"wp:attachment":[{"href":"https:\/\/tcdettingen-erms.de\/index.php?rest_route=%2Fwp%2Fv2%2Fmedia&parent=249"}],"curies":[{"name":"wp","href":"https:\/\/api.w.org\/{rel}","templated":true}]}}